{"id":74,"date":"2025-07-23T12:33:38","date_gmt":"2025-07-23T12:33:38","guid":{"rendered":"https:\/\/069.de\/?page_id=74"},"modified":"2026-02-04T07:58:04","modified_gmt":"2026-02-04T07:58:04","slug":"069-2","status":"publish","type":"page","link":"https:\/\/069.de\/","title":{"rendered":"069 + Lieblingszahl"},"content":{"rendered":"<div  class='flex_column av-36mwq-42cc6da6a7d9786147b33cf131a0914e av_one_fifth  avia-builder-el-0  el_before_av_one_fifth  avia-builder-el-first  first flex_column_div  '     ><p><section  class='av_textblock_section av-ml7nmrrt-6fbc2ba7277bce940d60bdec7f854d26 '   itemscope=\"itemscope\" itemtype=\"https:\/\/schema.org\/CreativeWork\" ><div class='avia_textblock'  itemprop=\"text\" ><p>Trainig<\/p>\n<\/div><\/section><br \/>\n<section  class='av_textblock_section av-ml7np6ya-6f8ffdff6dad39cc96fced094f98da8e '   itemscope=\"itemscope\" itemtype=\"https:\/\/schema.org\/CreativeWork\" ><div class='avia_textblock'  itemprop=\"text\" ><p>Anleitend<br \/>\nFokus auf Leistung<\/p>\n<\/div><\/section><\/p><\/div>\n<div  class='flex_column av-2hiz2-d28a21255620a55a9baa686d4c128c8b av_one_fifth  avia-builder-el-3  el_after_av_one_fifth  el_before_av_one_fifth  flex_column_div  '     ><section  class='av_textblock_section av-ml7nn26m-ce40d3ce332bceb56d3672d63127fd4a '   itemscope=\"itemscope\" itemtype=\"https:\/\/schema.org\/CreativeWork\" ><div class='avia_textblock'  itemprop=\"text\" ><p>Management<\/p>\n<\/div><\/section><\/div>\n<div  class='flex_column av-22thy-b28d52d240933fb252fe5abe81fbdca9 av_one_fifth  avia-builder-el-5  el_after_av_one_fifth  el_before_av_one_fifth  flex_column_div  '     ><section  class='av_textblock_section av-ml7nnidg-3c482ba15c24db4b155a657c56ba2edb '   itemscope=\"itemscope\" itemtype=\"https:\/\/schema.org\/CreativeWork\" ><div class='avia_textblock'  itemprop=\"text\" ><p>Mentoring<\/p>\n<\/div><\/section><\/div>\n<div  class='flex_column av-1agfm-39cb0dc30e39af5de7f8c26d257a27ee av_one_fifth  avia-builder-el-7  el_after_av_one_fifth  el_before_av_one_fifth  flex_column_div  '     ><section  class='av_textblock_section av-ml7nnvev-66ddff619064fe42bb242fd6d1f08721 '   itemscope=\"itemscope\" itemtype=\"https:\/\/schema.org\/CreativeWork\" ><div class='avia_textblock'  itemprop=\"text\" ><p><strong>Coaching<\/strong><\/p>\n<\/div><\/section><\/div>\n<div  class='flex_column av-wtui-6de1dc5d7ea906b3265c10a41a4b7335 av_one_fifth  avia-builder-el-9  el_after_av_one_fifth  el_before_av_two_third  flex_column_div  '     ><p><section  class='av_textblock_section av-ml7nohv5-b36b4271ea596f6d81af9868746197e4 '   itemscope=\"itemscope\" itemtype=\"https:\/\/schema.org\/CreativeWork\" ><div class='avia_textblock'  itemprop=\"text\" ><p><strong>Beratung<\/strong> \/ Therapie<\/p>\n<\/div><\/section><br \/>\n<section  class='av_textblock_section av-ml7nps3e-427b84d771646e773e9ac518cedb7e57 '   itemscope=\"itemscope\" itemtype=\"https:\/\/schema.org\/CreativeWork\" ><div class='avia_textblock'  itemprop=\"text\" ><p>Nicht Anleitend<br \/>\nFokus auf Potential<\/p>\n<\/div><\/section><\/p><\/div>\n<div  class='flex_column av-u7xy-4b65ef9aa70d0e2780fa60eb344c6df8 av_two_third  avia-builder-el-12  el_after_av_one_fifth  el_before_av_one_third  first flex_column_div  column-top-margin'     ><p>\n<style type=\"text\/css\" data-created_by=\"avia_inline_auto\" id=\"style-css-av-ml7o5j6g-1d79deee6d42c4a83a48f458a703f6ea\">\n#top .av-special-heading.av-ml7o5j6g-1d79deee6d42c4a83a48f458a703f6ea{\npadding-bottom:10px;\n}\nbody .av-special-heading.av-ml7o5j6g-1d79deee6d42c4a83a48f458a703f6ea .av-special-heading-tag .heading-char{\nfont-size:25px;\n}\n.av-special-heading.av-ml7o5j6g-1d79deee6d42c4a83a48f458a703f6ea .av-subheading{\nfont-size:15px;\n}\n<\/style>\n<div  class='av-special-heading av-ml7o5j6g-1d79deee6d42c4a83a48f458a703f6ea av-special-heading-h3  avia-builder-el-13  el_before_av_textblock  avia-builder-el-first '><h3 class='av-special-heading-tag '  itemprop=\"headline\"  >Coach oder Berater?<\/h3><div class=\"special-heading-border\"><div class=\"special-heading-inner-border\"><\/div><\/div><\/div><br \/>\n<section  class='av_textblock_section av-ml7nume1-121597e04c35d914b2b242d41fefcbef '   itemscope=\"itemscope\" itemtype=\"https:\/\/schema.org\/CreativeWork\" ><div class='avia_textblock'  itemprop=\"text\" ><p><strong>Coach:<\/strong> Potential entfalten, den eigenen Weg finden, Zukunfts- und L\u00f6sungsorientiert<br \/>\n<strong>Beratung:<\/strong> Gegenwart und Vergangenheit, Mentale Ans\u00e4tze, Zustand des Wohlbefindens<\/p>\n<\/div><\/section><br \/>\n<div  class='hr av-1ivae-2049caf09094c2934415839a69805d0d hr-default  avia-builder-el-15  el_after_av_textblock  el_before_av_textblock '><span class='hr-inner '><span class=\"hr-inner-style\"><\/span><\/span><\/div><br \/>\n<section  class='av_textblock_section av-1hfii-f69da6b6fb7ecfedc4c59415c23221ad '   itemscope=\"itemscope\" itemtype=\"https:\/\/schema.org\/CreativeWork\" ><div class='avia_textblock'  itemprop=\"text\" ><div data-subtree=\"aimfl,mfl\" data-processed=\"true\"><strong>Wer braucht ein Coaching oder eine Beratung?<\/strong><br \/>\nEs gilt was f\u00fcr die betreffende Person zum gegebenen Zeitpunkt richtig und gew\u00fcnscht ist. In einer Zusammenarbeit (Fragen und Anworten) wird es m\u00f6glich das angemessene Ma\u00df an Unterst\u00fctzung f\u00fcr die Einsicht zwischen &#8222;Wollen und K\u00f6nnen&#8220; zu erhalten.<\/div>\n<div data-subtree=\"aimfl,mfl\" data-processed=\"true\"><\/div>\n<\/div><\/section><br \/>\n<section  class='av_textblock_section av-mknyebab-5bc4e4a37a1b60baa7f1190ec3f3cf51 '   itemscope=\"itemscope\" itemtype=\"https:\/\/schema.org\/CreativeWork\" ><div class='avia_textblock'  itemprop=\"text\" ><p>Wer fragt, f\u00fchrt Dialoge und keine Monologe. Fragen ist Austausch: Interesse gegen Informationen. Fragen hei\u00dft: h\u00f6ren auf das, was sich einem zuspricht. Was, warum, wann, wie, wo und wer.<\/p>\n<\/div><\/section><\/p><\/div><div  class='flex_column av-4j3i-b44b0697bde91f517fd61405b7321496 av_one_third  avia-builder-el-18  el_after_av_two_third  el_before_av_hr  flex_column_div  column-top-margin'     ><p>\n<style type=\"text\/css\" data-created_by=\"avia_inline_auto\" id=\"style-css-av-mdfy2u5m-0c52cb0b21b3d93729a3f439aac587e8\">\n.avia-image-container.av-mdfy2u5m-0c52cb0b21b3d93729a3f439aac587e8 img.avia_image{\nbox-shadow:none;\n}\n.avia-image-container.av-mdfy2u5m-0c52cb0b21b3d93729a3f439aac587e8 .av-image-caption-overlay-center{\ncolor:#ffffff;\n}\n<\/style>\n<div  class='avia-image-container av-mdfy2u5m-0c52cb0b21b3d93729a3f439aac587e8 av-styling- avia-align-center  avia-builder-el-19  el_before_av_textblock  avia-builder-el-first '   itemprop=\"image\" itemscope=\"itemscope\" itemtype=\"https:\/\/schema.org\/ImageObject\" ><div class=\"avia-image-container-inner\"><div class=\"avia-image-overlay-wrap\"><img decoding=\"async\" fetchpriority=\"high\" class='wp-image-63 avia-img-lazy-loading-not-63 avia_image ' src=\"https:\/\/069.de\/wp-content\/uploads\/2016\/05\/Zwerglein_01.jpg\" alt='' title='Zwerglein_01'  height=\"279\" width=\"233\"  itemprop=\"thumbnailUrl\"  \/><\/div><\/div><\/div><br \/>\n<section  class='av_textblock_section av-ml7q0rkh-bcf37d523ee295e0936c2e25cffb0a9b '   itemscope=\"itemscope\" itemtype=\"https:\/\/schema.org\/CreativeWork\" ><div class='avia_textblock'  itemprop=\"text\" ><p>Die Menschen schwatzen so, als ob der Sieg Gl\u00fccksache w\u00e4re. Arbeit ist Sieg. Wo Arbeit getan wird, da wird der Sieg errungen.<\/p>\n<\/div><\/section><\/p><\/div><div  class='hr av-3t9su-469b0c4c4cd78c36fb1129df8ec22500 hr-default  avia-builder-el-21  el_after_av_one_third  el_before_av_two_third '><span class='hr-inner '><span class=\"hr-inner-style\"><\/span><\/span><\/div><\/p>\n<div  class='flex_column av-2q35i-b064d72ad34ca6e6ecd3a7812d31e003 av_two_third  avia-builder-el-22  el_after_av_hr  el_before_av_one_third  first flex_column_div  '     ><section  class='av_textblock_section av-13iie-6b9dc7980255e754058801a4944ac490 '   itemscope=\"itemscope\" itemtype=\"https:\/\/schema.org\/CreativeWork\" ><div class='avia_textblock'  itemprop=\"text\" ><p><strong>An meinen Kindern will ich es gut machen, dass ich meiner V\u00e4ter Kind bin.<\/strong> (Nietzsche)<\/p>\n<p>Ein chinesisches Wort sagt: &#8222;Gebt denen, die hungern von eurem Reis. Gebt denen, die leiden, von eurem Herzen!&#8220;<br \/>\nIhre Welt entsteht aus der Kraft Ihres Entschlusses. Ein hohes Ziel wirkt zur\u00fcck auf die Mittel, die Tage, die Organe des K\u00f6rpers. Ein hohes Ziel ist ein Heilmittel so gut wie Arnika.<\/p>\n<\/div><\/section><\/div><div  class='flex_column av-11kra-a4113b4c04c3d1b2cfc05f2fa7e28115 av_one_third  avia-builder-el-24  el_after_av_two_third  el_before_av_textblock  flex_column_div  '     ><section  class='av_textblock_section av-mknpse03-1dd7067d522adcbd2e8e4b8e8c80f2d4 '   itemscope=\"itemscope\" itemtype=\"https:\/\/schema.org\/CreativeWork\" ><div class='avia_textblock'  itemprop=\"text\" ><p>Gesetz: Das Alte ist vergangen, alles muss neu werden.<\/p>\n<\/div><\/section><\/div><section  class='av_textblock_section av-mdfy7qfm-5af6b013f42e207a8e72255d80d32bb5 '   itemscope=\"itemscope\" itemtype=\"https:\/\/schema.org\/CreativeWork\" ><div class='avia_textblock'  itemprop=\"text\" ><\/div><\/section><\/p>\n<div  class='hr av-1517u-1c86b68279e56f12fca421aa3dcb98b1 hr-default  avia-builder-el-27  el_after_av_textblock  avia-builder-el-last '><span class='hr-inner '><span class=\"hr-inner-style\"><\/span><\/span><\/div>\n","protected":false},"excerpt":{"rendered":"","protected":false},"author":1,"featured_media":0,"parent":0,"menu_order":0,"comment_status":"closed","ping_status":"closed","template":"","meta":{"footnotes":""},"class_list":["post-74","page","type-page","status-publish","hentry"],"_links":{"self":[{"href":"https:\/\/069.de\/index.php?rest_route=\/wp\/v2\/pages\/74","targetHints":{"allow":["GET"]}}],"collection":[{"href":"https:\/\/069.de\/index.php?rest_route=\/wp\/v2\/pages"}],"about":[{"href":"https:\/\/069.de\/index.php?rest_route=\/wp\/v2\/types\/page"}],"author":[{"embeddable":true,"href":"https:\/\/069.de\/index.php?rest_route=\/wp\/v2\/users\/1"}],"replies":[{"embeddable":true,"href":"https:\/\/069.de\/index.php?rest_route=%2Fwp%2Fv2%2Fcomments&post=74"}],"version-history":[{"count":32,"href":"https:\/\/069.de\/index.php?rest_route=\/wp\/v2\/pages\/74\/revisions"}],"predecessor-version":[{"id":140,"href":"https:\/\/069.de\/index.php?rest_route=\/wp\/v2\/pages\/74\/revisions\/140"}],"wp:attachment":[{"href":"https:\/\/069.de\/index.php?rest_route=%2Fwp%2Fv2%2Fmedia&parent=74"}],"curies":[{"name":"wp","href":"https:\/\/api.w.org\/{rel}","templated":true}]}}